{"id":94,"date":"2023-03-28T10:16:23","date_gmt":"2023-03-28T08:16:23","guid":{"rendered":"https:\/\/armonya.net\/index.php\/disconoscimento\/"},"modified":"2026-02-05T17:57:33","modified_gmt":"2026-02-05T16:57:33","slug":"disconoscimento","status":"publish","type":"page","link":"https:\/\/armonya.net\/index.php\/disconoscimento\/","title":{"rendered":"Disconoscimento"},"content":{"rendered":"\n<div style=\"height:100px\" aria-hidden=\"true\" class=\"wp-block-spacer\"><\/div>\n\n\n\n<p><strong>DISCONOSCIMENTO E NOTE LEGALI (DISCLAIMER)<\/strong><\/p>\n\n\n\n<p>L&#8217;accesso e l&#8217;utilizzo del sito web https:\/\/armonya.net\/ (di seguito &#8220;il Sito&#8221;) sono soggetti ai termini e alle condizioni qui di seguito riportati. Utilizzando il Sito, l&#8217;utente dichiara di aver letto e accettato tali clausole.<\/p>\n\n\n\n<p><strong>1. Esclusione di Responsabilit\u00e0 per i Contenuti<\/strong><\/p>\n\n\n\n<p>Le informazioni pubblicate su questo Sito hanno scopo puramente informativo e\/o divulgativo. Sebbene il Titolare si impegni a garantire che le informazioni siano accurate e aggiornate:<\/p>\n\n\n\n<p>Non viene fornita alcuna garanzia, esplicita o implicita, circa la completezza, l&#8217;accuratezza o l&#8217;idoneit\u00e0 dei contenuti per scopi specifici.<br>Il Titolare si riserva il diritto di modificare o aggiornare i contenuti in qualsiasi momento e senza preavviso.<\/p>\n\n\n\n<p><strong>2. Limitazione di Responsabilit\u00e0 per Danni<\/strong><\/p>\n\n\n\n<p>In nessun caso il proprietario di Armonya.net potr\u00e0 essere ritenuto responsabile per:<\/p>\n\n\n\n<p>Danni diretti, indiretti, incidentali o consequenziali derivanti dall&#8217;uso o dall&#8217;impossibilit\u00e0 di utilizzare il Sito.<br>Malfunzionamenti tecnici, virus informatici o errori presenti nei file scaricabili dal Sito.<br>Eventuali interruzioni del servizio dovute a cause di forza maggiore o manutenzione.<\/p>\n\n\n\n<p><strong>3. Collegamenti a Siti Terzi (Link Esterni)<\/strong><\/p>\n\n\n\n<p>Il Sito pu\u00f2 contenere collegamenti a siti web gestiti da terze parti. Questi link vengono forniti solo per comodit\u00e0 dell&#8217;utente. Il Titolare non esercita alcun controllo su tali siti e non \u00e8 responsabile della loro disponibilit\u00e0, del loro contenuto o delle loro politiche sulla privacy. L&#8217;accesso a siti terzi avviene sotto l&#8217;esclusiva responsabilit\u00e0 dell&#8217;utente.<\/p>\n\n\n\n<p><strong>4. Propriet\u00e0 Intellettuale<\/strong><\/p>\n\n\n\n<p>Tutti i contenuti presenti su questo Sito (testi, immagini, loghi, grafica, video) sono di propriet\u00e0 di Irene Baldin o dei rispettivi aventi diritto e sono protetti dalle leggi vigenti sul diritto d&#8217;autore. \u00c8 vietata la riproduzione, distribuzione o pubblicazione, anche parziale, senza preventiva autorizzazione scritta.<\/p>\n\n\n\n<p><strong>5. Uso del Sito<\/strong><\/p>\n\n\n\n<p>L&#8217;utente si impegna a utilizzare il Sito in modo lecito, nel rispetto delle norme vigenti e senza violare i diritti di terzi. \u00c8 vietato l&#8217;inserimento di contenuti offensivi, diffamatori o che possano danneggiare l&#8217;integrit\u00e0 del Sito stesso.<\/p>\n\n\n\n<p><strong>6. Legge Applicabile<\/strong><\/p>\n\n\n\n<p>Le presenti note legali sono regolate dalla legge italiana. Per qualsiasi controversia relativa all&#8217;interpretazione o all&#8217;esecuzione delle presenti clausole, sar\u00e0 esclusivamente competente il Foro di Varese.<\/p>\n\n\n\n<div class=\"wp-block-columns is-layout-flex wp-container-core-columns-is-layout-9d6595d7 wp-block-columns-is-layout-flex\">\n<div class=\"wp-block-column is-layout-flow wp-block-column-is-layout-flow\" style=\"flex-basis:25%\"><\/div>\n\n\n\n<div class=\"wp-block-column is-layout-flow wp-block-column-is-layout-flow\" style=\"flex-basis:50%\"><\/div>\n\n\n\n<div class=\"wp-block-column is-layout-flow wp-block-column-is-layout-flow\" style=\"flex-basis:25%\"><\/div>\n<\/div>\n","protected":false},"excerpt":{"rendered":"<p>DISCONOSCIMENTO E NOTE LEGALI (DISCLAIMER) L&#8217;accesso e l&#8217;utilizzo del sito web https:\/\/armonya.net\/ (di seguito &#8220;il Sito&#8221;) sono soggetti ai termini e alle condizioni qui di seguito riportati. Utilizzando il Sito, l&#8217;utente dichiara di aver letto e accettato tali clausole. 1. Esclusione di Responsabilit\u00e0 per i Contenuti Le informazioni pubblicate su questo Sito hanno scopo puramente [&hellip;]<\/p>\n","protected":false},"author":1,"featured_media":0,"parent":0,"menu_order":0,"comment_status":"closed","ping_status":"closed","template":"","meta":{"footnotes":""},"class_list":["post-94","page","type-page","status-publish","hentry"],"_links":{"self":[{"href":"https:\/\/armonya.net\/index.php\/wp-json\/wp\/v2\/pages\/94","targetHints":{"allow":["GET"]}}],"collection":[{"href":"https:\/\/armonya.net\/index.php\/wp-json\/wp\/v2\/pages"}],"about":[{"href":"https:\/\/armonya.net\/index.php\/wp-json\/wp\/v2\/types\/page"}],"author":[{"embeddable":true,"href":"https:\/\/armonya.net\/index.php\/wp-json\/wp\/v2\/users\/1"}],"replies":[{"embeddable":true,"href":"https:\/\/armonya.net\/index.php\/wp-json\/wp\/v2\/comments?post=94"}],"version-history":[{"count":9,"href":"https:\/\/armonya.net\/index.php\/wp-json\/wp\/v2\/pages\/94\/revisions"}],"predecessor-version":[{"id":222,"href":"https:\/\/armonya.net\/index.php\/wp-json\/wp\/v2\/pages\/94\/revisions\/222"}],"wp:attachment":[{"href":"https:\/\/armonya.net\/index.php\/wp-json\/wp\/v2\/media?parent=94"}],"curies":[{"name":"wp","href":"https:\/\/api.w.org\/{rel}","templated":true}]}}